{"id":551,"date":"2019-05-15T21:28:26","date_gmt":"2019-05-15T19:28:26","guid":{"rendered":"http:\/\/alextorio.com\/?page_id=551"},"modified":"2019-05-21T05:43:28","modified_gmt":"2019-05-21T03:43:28","slug":"aviso-legal","status":"publish","type":"page","link":"https:\/\/alextorio.com\/es\/aviso-legal\/","title":{"rendered":"Aviso Legal"},"content":{"rendered":"\t\t<div data-elementor-type=\"wp-post\" data-elementor-id=\"551\" class=\"elementor elementor-551\" data-elementor-post-type=\"page\">\n\t\t\t\t\t\t<section class=\"elementor-section elementor-top-section elementor-element elementor-element-a77fd89 elementor-section-stretched elementor-section-full_width elementor-section-height-default elementor-section-height-default\" data-id=\"a77fd89\" data-element_type=\"section\" data-settings=\"{&quot;stretch_section&quot;:&quot;section-stretched&quot;,&quot;background_background&quot;:&quot;classic&quot;,&quot;sticky&quot;:&quot;top&quot;,&quot;sticky_on&quot;:[&quot;desktop&quot;,&quot;tablet&quot;,&quot;mobile&quot;],&quot;sticky_offset&quot;:0,&quot;sticky_effects_offset&quot;:0}\">\n\t\t\t\t\t\t<div class=\"elementor-container elementor-column-gap-default\">\n\t\t\t\t\t<div class=\"elementor-column elementor-col-50 elementor-top-column elementor-element elementor-element-ea8458a\" data-id=\"ea8458a\" data-element_type=\"column\" data-settings=\"{&quot;background_background&quot;:&quot;classic&quot;}\">\n\t\t\t<div class=\"elementor-widget-wrap elementor-element-populated\">\n\t\t\t\t\t\t<div class=\"elementor-element elementor-element-38f694e elementor-widget elementor-widget-heading\" data-id=\"38f694e\" data-element_type=\"widget\" data-widget_type=\"heading.default\">\n\t\t\t\t<div class=\"elementor-widget-container\">\n\t\t\t<h2 class=\"elementor-heading-title elementor-size-default\"><a href=\"http:\/\/alextorio.com\">\u00c0lex Tor\u00edo<\/a><\/h2>\t\t<\/div>\n\t\t\t\t<\/div>\n\t\t\t\t\t<\/div>\n\t\t<\/div>\n\t\t\t\t<div class=\"elementor-column elementor-col-50 elementor-top-column elementor-element elementor-element-092cb3b\" data-id=\"092cb3b\" data-element_type=\"column\">\n\t\t\t<div class=\"elementor-widget-wrap elementor-element-populated\">\n\t\t\t\t\t\t<div class=\"elementor-element elementor-element-c60aa1e elementor-nav-menu__align-center elementor-nav-menu--dropdown-tablet elementor-nav-menu__text-align-aside elementor-nav-menu--toggle elementor-nav-menu--burger elementor-widget elementor-widget-nav-menu\" data-id=\"c60aa1e\" data-element_type=\"widget\" data-settings=\"{&quot;layout&quot;:&quot;horizontal&quot;,&quot;submenu_icon&quot;:{&quot;value&quot;:&quot;&lt;i class=\\&quot;fa fa-caret-down\\&quot;&gt;&lt;\\\/i&gt;&quot;,&quot;library&quot;:&quot;fa-solid&quot;},&quot;toggle&quot;:&quot;burger&quot;}\" data-widget_type=\"nav-menu.default\">\n\t\t\t\t<div class=\"elementor-widget-container\">\n\t\t\t\t\t\t<nav class=\"elementor-nav-menu--main elementor-nav-menu__container elementor-nav-menu--layout-horizontal e--pointer-none\">\n\t\t\t\t<ul id=\"menu-1-c60aa1e\" class=\"elementor-nav-menu\"><li class=\"menu-item menu-item-type-post_type menu-item-object-page menu-item-home menu-item-193\"><a href=\"https:\/\/alextorio.com\/es\/\" class=\"elementor-item menu-link\">INICIO<\/a><\/li>\n<li class=\"menu-item menu-item-type-custom menu-item-object-custom menu-item-195\"><a href=\"https:\/\/alextorio.com\/#discos\" class=\"elementor-item elementor-item-anchor menu-link\">DISCOS<\/a><\/li>\n<li class=\"menu-item menu-item-type-custom menu-item-object-custom menu-item-198\"><a href=\"https:\/\/alextorio.com\/#videos\" class=\"elementor-item elementor-item-anchor menu-link\">VIDEOS<\/a><\/li>\n<li class=\"menu-item menu-item-type-custom menu-item-object-custom menu-item-199\"><a href=\"https:\/\/alextorio.com\/#blog\" class=\"elementor-item elementor-item-anchor menu-link\">BLOG<\/a><\/li>\n<li class=\"menu-item menu-item-type-custom menu-item-object-custom menu-item-197\"><a href=\"https:\/\/alextorio.com\/#criticas-y-entrevistas\" class=\"elementor-item elementor-item-anchor menu-link\">CR\u00cdTICAS Y ENTREVISTAS<\/a><\/li>\n<li class=\"menu-item menu-item-type-custom menu-item-object-custom menu-item-196\"><a href=\"https:\/\/alextorio.com\/#contacto\" class=\"elementor-item elementor-item-anchor menu-link\">CONTACTO<\/a><\/li>\n<li class=\"menu-item wpml-ls-slot-11 wpml-ls-item wpml-ls-item-es wpml-ls-current-language wpml-ls-menu-item menu-item-type-wpml_ls_menu_item menu-item-object-wpml_ls_menu_item menu-item-has-children menu-item-wpml-ls-11-es\"><a href=\"https:\/\/alextorio.com\/es\/\" class=\"elementor-item menu-link\"><img decoding=\"async\"\n            class=\"wpml-ls-flag\"\n            src=\"https:\/\/alextorio.com\/wp-content\/plugins\/sitepress-multilingual-cms\/res\/flags\/es.png\"\n            alt=\"Espa\u00f1ol\"\n            \n            \n    \/><\/a>\n<ul class=\"sub-menu elementor-nav-menu--dropdown\">\n\t<li class=\"menu-item wpml-ls-slot-11 wpml-ls-item wpml-ls-item-ca wpml-ls-menu-item wpml-ls-first-item menu-item-type-wpml_ls_menu_item menu-item-object-wpml_ls_menu_item menu-item-wpml-ls-11-ca\"><a href=\"https:\/\/alextorio.com\/\" class=\"elementor-sub-item menu-link\"><img decoding=\"async\"\n            class=\"wpml-ls-flag\"\n            src=\"https:\/\/alextorio.com\/wp-content\/plugins\/sitepress-multilingual-cms\/res\/flags\/ca.png\"\n            alt=\"Catal\u00e1n\"\n            \n            \n    \/><\/a><\/li>\n\t<li class=\"menu-item wpml-ls-slot-11 wpml-ls-item wpml-ls-item-en wpml-ls-menu-item wpml-ls-last-item menu-item-type-wpml_ls_menu_item menu-item-object-wpml_ls_menu_item menu-item-wpml-ls-11-en\"><a href=\"https:\/\/alextorio.com\/en\/\" class=\"elementor-sub-item menu-link\"><img decoding=\"async\"\n            class=\"wpml-ls-flag\"\n            src=\"https:\/\/alextorio.com\/wp-content\/plugins\/sitepress-multilingual-cms\/res\/flags\/en.png\"\n            alt=\"Ingl\u00e9s\"\n            \n            \n    \/><\/a><\/li>\n<\/ul>\n<\/li>\n<\/ul>\t\t\t<\/nav>\n\t\t\t\t\t<div class=\"elementor-menu-toggle\" role=\"button\" tabindex=\"0\" aria-label=\"Alternar men\u00fa\" aria-expanded=\"false\">\n\t\t\t<i aria-hidden=\"true\" role=\"presentation\" class=\"elementor-menu-toggle__icon--open eicon-menu-bar\"><\/i><i aria-hidden=\"true\" role=\"presentation\" class=\"elementor-menu-toggle__icon--close eicon-close\"><\/i>\t\t\t<span class=\"elementor-screen-only\">Men\u00fa<\/span>\n\t\t<\/div>\n\t\t\t\t\t<nav class=\"elementor-nav-menu--dropdown elementor-nav-menu__container\" aria-hidden=\"true\">\n\t\t\t\t<ul id=\"menu-2-c60aa1e\" class=\"elementor-nav-menu\"><li class=\"menu-item menu-item-type-post_type menu-item-object-page menu-item-home menu-item-193\"><a href=\"https:\/\/alextorio.com\/es\/\" class=\"elementor-item menu-link\" tabindex=\"-1\">INICIO<\/a><\/li>\n<li class=\"menu-item menu-item-type-custom menu-item-object-custom menu-item-195\"><a href=\"https:\/\/alextorio.com\/#discos\" class=\"elementor-item elementor-item-anchor menu-link\" tabindex=\"-1\">DISCOS<\/a><\/li>\n<li class=\"menu-item menu-item-type-custom menu-item-object-custom menu-item-198\"><a href=\"https:\/\/alextorio.com\/#videos\" class=\"elementor-item elementor-item-anchor menu-link\" tabindex=\"-1\">VIDEOS<\/a><\/li>\n<li class=\"menu-item menu-item-type-custom menu-item-object-custom menu-item-199\"><a href=\"https:\/\/alextorio.com\/#blog\" class=\"elementor-item elementor-item-anchor menu-link\" tabindex=\"-1\">BLOG<\/a><\/li>\n<li class=\"menu-item menu-item-type-custom menu-item-object-custom menu-item-197\"><a href=\"https:\/\/alextorio.com\/#criticas-y-entrevistas\" class=\"elementor-item elementor-item-anchor menu-link\" tabindex=\"-1\">CR\u00cdTICAS Y ENTREVISTAS<\/a><\/li>\n<li class=\"menu-item menu-item-type-custom menu-item-object-custom menu-item-196\"><a href=\"https:\/\/alextorio.com\/#contacto\" class=\"elementor-item elementor-item-anchor menu-link\" tabindex=\"-1\">CONTACTO<\/a><\/li>\n<li class=\"menu-item wpml-ls-slot-11 wpml-ls-item wpml-ls-item-es wpml-ls-current-language wpml-ls-menu-item menu-item-type-wpml_ls_menu_item menu-item-object-wpml_ls_menu_item menu-item-has-children menu-item-wpml-ls-11-es\"><a href=\"https:\/\/alextorio.com\/es\/\" class=\"elementor-item menu-link\" tabindex=\"-1\"><img decoding=\"async\"\n            class=\"wpml-ls-flag\"\n            src=\"https:\/\/alextorio.com\/wp-content\/plugins\/sitepress-multilingual-cms\/res\/flags\/es.png\"\n            alt=\"Espa\u00f1ol\"\n            \n            \n    \/><\/a>\n<ul class=\"sub-menu elementor-nav-menu--dropdown\">\n\t<li class=\"menu-item wpml-ls-slot-11 wpml-ls-item wpml-ls-item-ca wpml-ls-menu-item wpml-ls-first-item menu-item-type-wpml_ls_menu_item menu-item-object-wpml_ls_menu_item menu-item-wpml-ls-11-ca\"><a href=\"https:\/\/alextorio.com\/\" class=\"elementor-sub-item menu-link\" tabindex=\"-1\"><img decoding=\"async\"\n            class=\"wpml-ls-flag\"\n            src=\"https:\/\/alextorio.com\/wp-content\/plugins\/sitepress-multilingual-cms\/res\/flags\/ca.png\"\n            alt=\"Catal\u00e1n\"\n            \n            \n    \/><\/a><\/li>\n\t<li class=\"menu-item wpml-ls-slot-11 wpml-ls-item wpml-ls-item-en wpml-ls-menu-item wpml-ls-last-item menu-item-type-wpml_ls_menu_item menu-item-object-wpml_ls_menu_item menu-item-wpml-ls-11-en\"><a href=\"https:\/\/alextorio.com\/en\/\" class=\"elementor-sub-item menu-link\" tabindex=\"-1\"><img decoding=\"async\"\n            class=\"wpml-ls-flag\"\n            src=\"https:\/\/alextorio.com\/wp-content\/plugins\/sitepress-multilingual-cms\/res\/flags\/en.png\"\n            alt=\"Ingl\u00e9s\"\n            \n            \n    \/><\/a><\/li>\n<\/ul>\n<\/li>\n<\/ul>\t\t\t<\/nav>\n\t\t\t\t<\/div>\n\t\t\t\t<\/div>\n\t\t\t\t\t<\/div>\n\t\t<\/div>\n\t\t\t\t\t<\/div>\n\t\t<\/section>\n\t\t\t\t<section class=\"elementor-section elementor-top-section elementor-element elementor-element-3f07fc9 elementor-section-boxed elementor-section-height-default elementor-section-height-default\" data-id=\"3f07fc9\" data-element_type=\"section\">\n\t\t\t\t\t\t<div class=\"elementor-container elementor-column-gap-default\">\n\t\t\t\t\t<div class=\"elementor-column elementor-col-33 elementor-top-column elementor-element elementor-element-e4506fe\" data-id=\"e4506fe\" data-element_type=\"column\">\n\t\t\t<div class=\"elementor-widget-wrap\">\n\t\t\t\t\t\t\t<\/div>\n\t\t<\/div>\n\t\t\t\t<div class=\"elementor-column elementor-col-33 elementor-top-column elementor-element elementor-element-b8d072c\" data-id=\"b8d072c\" data-element_type=\"column\">\n\t\t\t<div class=\"elementor-widget-wrap elementor-element-populated\">\n\t\t\t\t\t\t<div class=\"elementor-element elementor-element-f207675 elementor-widget elementor-widget-heading\" data-id=\"f207675\" data-element_type=\"widget\" data-widget_type=\"heading.default\">\n\t\t\t\t<div class=\"elementor-widget-container\">\n\t\t\t<h2 class=\"elementor-heading-title elementor-size-default\">Aviso Legal<\/h2>\t\t<\/div>\n\t\t\t\t<\/div>\n\t\t\t\t\t<\/div>\n\t\t<\/div>\n\t\t\t\t<div class=\"elementor-column elementor-col-33 elementor-top-column elementor-element elementor-element-e00f775\" data-id=\"e00f775\" data-element_type=\"column\">\n\t\t\t<div class=\"elementor-widget-wrap\">\n\t\t\t\t\t\t\t<\/div>\n\t\t<\/div>\n\t\t\t\t\t<\/div>\n\t\t<\/section>\n\t\t\t\t<section class=\"elementor-section elementor-top-section elementor-element elementor-element-f2581b7 elementor-section-boxed elementor-section-height-default elementor-section-height-default\" data-id=\"f2581b7\" data-element_type=\"section\">\n\t\t\t\t\t\t<div class=\"elementor-container elementor-column-gap-default\">\n\t\t\t\t\t<div class=\"elementor-column elementor-col-100 elementor-top-column elementor-element elementor-element-a884297\" data-id=\"a884297\" data-element_type=\"column\">\n\t\t\t<div class=\"elementor-widget-wrap elementor-element-populated\">\n\t\t\t\t\t\t<div class=\"elementor-element elementor-element-bde9d9c elementor-widget elementor-widget-text-editor\" data-id=\"bde9d9c\" data-element_type=\"widget\" data-widget_type=\"text-editor.default\">\n\t\t\t\t<div class=\"elementor-widget-container\">\n\t\t\t\t\t\t\t<p>En cumplimiento de lo dispuesto en el art\u00edculo 10 de la Ley 34\/2002, de 11 de julio, de Servicios de la Sociedad de la Informaci\u00f3n y Comercio Electr\u00f3nico, se pone a disposici\u00f3n de los Usuarios la informaci\u00f3n relativa a este sitio:<\/p><p><strong>Titularidad de la p\u00e1gina web:<\/strong><\/p><ul><li>Dominio <strong>alextorio.com<\/strong><\/li><li>Empresa: <strong>\u00c0lex Tor\u00edo<\/strong><\/li><li>Correo electr\u00f3nico:\u00a0<strong>info@alextorio.com<\/strong><\/li><\/ul><p><strong style=\"font-size: 16px;\">REFERENCIAS Y ENLACES A WEBS DE OTRAS ORGANIZACIONES<\/strong><\/p><p>Algunas p\u00e1ginas de esta web contienen referencias o enlaces a webs de otras organizaciones. La presencia de estos enlaces tiene una finalidad informativa, no constituyendo en ning\u00fan caso una invitaci\u00f3n a la contrataci\u00f3n de productos o servicios que se ofrezcan en la p\u00e1gina web de destino. <strong>\u00c0lex Tor\u00edo<\/strong> no se responsabiliza ni de la exactitud ni de la actualizaci\u00f3n de estas webs externas.<\/p><p><strong>ADVERTENCIA SOBRE LA UTILIZACI\u00d3N DE GALLETAS (COOKIES)<\/strong><\/p><p>Una cookie es un peque\u00f1o archivo de datos que algunos sitios web escriben en su unidad de disco cuando se visita. Un archivo cookie puede contener informaci\u00f3n como la identificaci\u00f3n de usuario, que el sitio web utiliza para rastrear las p\u00e1ginas que usted ha visitado. La \u00fanica informaci\u00f3n personal que una cookie puede contener es la informaci\u00f3n que usted mismo le proporciona. Una cookie no puede leer datos de su unidad de disco, ni puede ser ejecutada como un c\u00f3digo ni contener virus. Advertimos que esta p\u00e1gina puede utilizar cookies. El usuario tiene la opci\u00f3n de impedir la generaci\u00f3n de cookies, mediante la selecci\u00f3n de la correspondiente opci\u00f3n en su programa de navegaci\u00f3n.<\/p>\t\t\t\t\t\t<\/div>\n\t\t\t\t<\/div>\n\t\t\t\t\t<\/div>\n\t\t<\/div>\n\t\t\t\t\t<\/div>\n\t\t<\/section>\n\t\t\t\t<section class=\"elementor-section elementor-top-section elementor-element elementor-element-9ddf409 elementor-section-boxed elementor-section-height-default elementor-section-height-default\" data-id=\"9ddf409\" data-element_type=\"section\" data-settings=\"{&quot;background_background&quot;:&quot;classic&quot;}\">\n\t\t\t\t\t\t<div class=\"elementor-container elementor-column-gap-default\">\n\t\t\t\t\t<div class=\"elementor-column elementor-col-100 elementor-top-column elementor-element elementor-element-3e7b996\" data-id=\"3e7b996\" data-element_type=\"column\">\n\t\t\t<div class=\"elementor-widget-wrap elementor-element-populated\">\n\t\t\t\t\t\t<div class=\"elementor-element elementor-element-21d1650 elementor-widget elementor-widget-text-editor\" data-id=\"21d1650\" data-element_type=\"widget\" data-widget_type=\"text-editor.default\">\n\t\t\t\t<div class=\"elementor-widget-container\">\n\t\t\t\t\t\t\t<p>Copyright \u00a9 2019 \u00c0lex Tor\u00edo &#8211; <a href=\"mailto:info@alextorio.com\"><span style=\"color: #ffffff;\">info@alextorio.com<\/span><\/a> &#8211; <span style=\"color: #ffffff;\"><a style=\"color: #ffffff;\" href=\"http:\/\/alextorio.com\/aviso-legal\/\">Aviso Legal<\/a><\/span> &#8211; Sitio web creado por <span style=\"color: #ffffff;\"><a style=\"color: #ffffff;\" href=\"https:\/\/internovatec.cat\/\">Internovatec<\/a> &#8211; <a style=\"color: #ffffff;\" href=\"https:\/\/grupinternovatec.cat\/\">Grup Internovatec<\/a><\/span><\/p>\t\t\t\t\t\t<\/div>\n\t\t\t\t<\/div>\n\t\t\t\t\t<\/div>\n\t\t<\/div>\n\t\t\t\t\t<\/div>\n\t\t<\/section>\n\t\t\t\t<\/div>\n\t\t","protected":false},"excerpt":{"rendered":"<p>\u00c0lex Tor\u00edo Aviso Legal En cumplimiento de lo dispuesto en el art\u00edculo 10 de la Ley 34\/2002, de 11 de julio, de Servicios de la Sociedad de la Informaci\u00f3n y Comercio Electr\u00f3nico, se pone a disposici\u00f3n de los Usuarios la informaci\u00f3n relativa a este sitio: Titularidad de la p\u00e1gina web: Dominio alextorio.com Empresa: \u00c0lex Tor\u00edo [&hellip;]<\/p>\n","protected":false},"author":1,"featured_media":0,"parent":0,"menu_order":0,"comment_status":"closed","ping_status":"closed","template":"elementor_canvas","meta":{"site-sidebar-layout":"no-sidebar","site-content-layout":"page-builder","ast-site-content-layout":"","site-content-style":"default","site-sidebar-style":"default","ast-global-header-display":"","ast-banner-title-visibility":"","ast-main-header-display":"","ast-hfb-above-header-display":"","ast-hfb-below-header-display":"","ast-hfb-mobile-header-display":"","site-post-title":"disabled","ast-breadcrumbs-content":"","ast-featured-img":"disabled","footer-sml-layout":"","theme-transparent-header-meta":"default","adv-header-id-meta":"","stick-header-meta":"","header-above-stick-meta":"","header-main-stick-meta":"","header-below-stick-meta":"","astra-migrate-meta-layouts":"default","ast-page-background-enabled":"default","ast-page-background-meta":{"desktop":{"background-color":"","background-image":"","background-repeat":"repeat","background-position":"center center","background-size":"auto","background-attachment":"scroll","background-type":"","background-media":"","overlay-type":"","overlay-color":"","overlay-gradient":""},"tablet":{"background-color":"","background-image":"","background-repeat":"repeat","background-position":"center center","background-size":"auto","background-attachment":"scroll","background-type":"","background-media":"","overlay-type":"","overlay-color":"","overlay-gradient":""},"mobile":{"background-color":"","background-image":"","background-repeat":"repeat","background-position":"center center","background-size":"auto","background-attachment":"scroll","background-type":"","background-media":"","overlay-type":"","overlay-color":"","overlay-gradient":""}},"ast-content-background-meta":{"desktop":{"background-color":"var(--ast-global-color-5)","background-image":"","background-repeat":"repeat","background-position":"center center","background-size":"auto","background-attachment":"scroll","background-type":"","background-media":"","overlay-type":"","overlay-color":"","overlay-gradient":""},"tablet":{"background-color":"var(--ast-global-color-5)","background-image":"","background-repeat":"repeat","background-position":"center center","background-size":"auto","background-attachment":"scroll","background-type":"","background-media":"","overlay-type":"","overlay-color":"","overlay-gradient":""},"mobile":{"background-color":"var(--ast-global-color-5)","background-image":"","background-repeat":"repeat","background-position":"center center","background-size":"auto","background-attachment":"scroll","background-type":"","background-media":"","overlay-type":"","overlay-color":"","overlay-gradient":""}},"footnotes":""},"_links":{"self":[{"href":"https:\/\/alextorio.com\/es\/wp-json\/wp\/v2\/pages\/551"}],"collection":[{"href":"https:\/\/alextorio.com\/es\/wp-json\/wp\/v2\/pages"}],"about":[{"href":"https:\/\/alextorio.com\/es\/wp-json\/wp\/v2\/types\/page"}],"author":[{"embeddable":true,"href":"https:\/\/alextorio.com\/es\/wp-json\/wp\/v2\/users\/1"}],"replies":[{"embeddable":true,"href":"https:\/\/alextorio.com\/es\/wp-json\/wp\/v2\/comments?post=551"}],"version-history":[{"count":7,"href":"https:\/\/alextorio.com\/es\/wp-json\/wp\/v2\/pages\/551\/revisions"}],"predecessor-version":[{"id":776,"href":"https:\/\/alextorio.com\/es\/wp-json\/wp\/v2\/pages\/551\/revisions\/776"}],"wp:attachment":[{"href":"https:\/\/alextorio.com\/es\/wp-json\/wp\/v2\/media?parent=551"}],"curies":[{"name":"wp","href":"https:\/\/api.w.org\/{rel}","templated":true}]}}